{"id":12,"date":"2023-10-31T07:03:52","date_gmt":"2023-10-31T10:03:52","guid":{"rendered":"https:\/\/cuidateneuquen.com.ar\/?page_id=12"},"modified":"2024-10-24T18:56:06","modified_gmt":"2024-10-24T21:56:06","slug":"home","status":"publish","type":"page","link":"https:\/\/cuidateneuquen.com.ar\/","title":{"rendered":"Home"},"content":{"rendered":"\n<div class=\"wp-block-cover alignfull is-light hestia-clear-top-padding\"><span aria-hidden=\"true\" class=\"wp-block-cover__background has-white-background-color has-background-dim-100 has-background-dim\"><\/span><div class=\"wp-block-cover__inner-container is-layout-flow wp-block-cover-is-layout-flow\">\n<div style=\"height:40px\" aria-hidden=\"true\" class=\"wp-block-spacer\"><\/div>\n\n\n\n<div class=\"wp-block-columns container is-layout-flex wp-container-core-columns-layout-1 wp-block-columns-is-layout-flex\">\n<div class=\"wp-block-column is-layout-flow wp-block-column-is-layout-flow\"><div class=\"wp-block-image\">\n<figure class=\"aligncenter size-full\"><img decoding=\"async\" width=\"200\" height=\"150\" src=\"https:\/\/cuidateneuquen.com.ar\/wp-content\/uploads\/2023\/11\/logos_Mesa-de-trabajo-1.png\" alt=\"\" class=\"wp-image-48\"\/><\/figure><\/div>\n\n\n<p class=\"has-text-align-center has-text-color\" style=\"color:#999999;font-size:14px\"><\/p>\n\n\n\n<div style=\"height:25px\" aria-hidden=\"true\" class=\"wp-block-spacer\"><\/div>\n<\/div>\n\n\n\n<div class=\"wp-block-column is-layout-flow wp-block-column-is-layout-flow\"><div class=\"wp-block-image\">\n<figure class=\"aligncenter size-full\"><img decoding=\"async\" width=\"200\" height=\"150\" src=\"https:\/\/cuidateneuquen.com.ar\/wp-content\/uploads\/2023\/11\/logos-03.png\" alt=\"\" class=\"wp-image-50\"\/><\/figure><\/div>\n\n\n<p class=\"has-text-align-center has-text-color\" style=\"color:#999999;font-size:14px\"><\/p>\n\n\n\n<div style=\"height:25px\" aria-hidden=\"true\" class=\"wp-block-spacer\"><\/div>\n<\/div>\n<\/div>\n\n\n\n<h2 class=\"wp-block-heading has-text-align-center has-text-color\" style=\"color:#3c4858\">Nuestras campa\u00f1as<\/h2>\n\n\n\n<div class=\"wp-block-columns container is-layout-flex wp-container-core-columns-layout-2 wp-block-columns-is-layout-flex\">\n<div class=\"wp-block-column is-layout-flow wp-block-column-is-layout-flow\"><div class=\"wp-block-image\">\n<figure class=\"aligncenter size-full is-resized\"><img fetchpriority=\"high\" decoding=\"async\" width=\"512\" height=\"512\" src=\"https:\/\/cuidateneuquen.com.ar\/wp-content\/uploads\/2023\/11\/hipertension.png\" alt=\"\" class=\"wp-image-51\" style=\"aspect-ratio:1;width:120px;height:auto\" srcset=\"https:\/\/cuidateneuquen.com.ar\/wp-content\/uploads\/2023\/11\/hipertension.png 512w, https:\/\/cuidateneuquen.com.ar\/wp-content\/uploads\/2023\/11\/hipertension-300x300.png 300w, https:\/\/cuidateneuquen.com.ar\/wp-content\/uploads\/2023\/11\/hipertension-150x150.png 150w\" sizes=\"(max-width: 512px) 100vw, 512px\" \/><\/figure><\/div>\n\n\n<h5 class=\"wp-block-heading has-text-align-center has-text-color\" style=\"color:#3c4858;font-size:18px\">Hipertensi\u00f3n<\/h5>\n\n\n\n<p class=\"has-text-align-center has-text-color\" style=\"color:#999999;font-size:14px\"><\/p>\n\n\n\n<div style=\"height:25px\" aria-hidden=\"true\" class=\"wp-block-spacer\"><\/div>\n<\/div>\n\n\n\n<div class=\"wp-block-column is-layout-flow wp-block-column-is-layout-flow\"><div class=\"wp-block-image\">\n<figure class=\"aligncenter size-full is-resized\"><img loading=\"lazy\" decoding=\"async\" width=\"512\" height=\"512\" src=\"https:\/\/cuidateneuquen.com.ar\/wp-content\/uploads\/2023\/11\/nivel-de-azucar-en-la-sangre.png\" alt=\"\" class=\"wp-image-52\" style=\"aspect-ratio:1;width:120px;height:auto\" srcset=\"https:\/\/cuidateneuquen.com.ar\/wp-content\/uploads\/2023\/11\/nivel-de-azucar-en-la-sangre.png 512w, https:\/\/cuidateneuquen.com.ar\/wp-content\/uploads\/2023\/11\/nivel-de-azucar-en-la-sangre-300x300.png 300w, https:\/\/cuidateneuquen.com.ar\/wp-content\/uploads\/2023\/11\/nivel-de-azucar-en-la-sangre-150x150.png 150w\" sizes=\"(max-width: 512px) 100vw, 512px\" \/><\/figure><\/div>\n\n\n<h5 class=\"wp-block-heading has-text-align-center has-text-color\" style=\"color:#3c4858;font-size:18px\">Diabetes<\/h5>\n\n\n\n<p class=\"has-text-align-center has-text-color\" style=\"color:#999999;font-size:14px\"><\/p>\n\n\n\n<div style=\"height:25px\" aria-hidden=\"true\" class=\"wp-block-spacer\"><\/div>\n<\/div>\n\n\n\n<div class=\"wp-block-column is-layout-flow wp-block-column-is-layout-flow\"><div class=\"wp-block-image\">\n<figure class=\"aligncenter size-full is-resized\"><img loading=\"lazy\" decoding=\"async\" width=\"512\" height=\"512\" src=\"https:\/\/cuidateneuquen.com.ar\/wp-content\/uploads\/2023\/11\/cinta-rosa.png\" alt=\"\" class=\"wp-image-53\" style=\"aspect-ratio:1;width:120px;height:auto\" srcset=\"https:\/\/cuidateneuquen.com.ar\/wp-content\/uploads\/2023\/11\/cinta-rosa.png 512w, https:\/\/cuidateneuquen.com.ar\/wp-content\/uploads\/2023\/11\/cinta-rosa-300x300.png 300w, https:\/\/cuidateneuquen.com.ar\/wp-content\/uploads\/2023\/11\/cinta-rosa-150x150.png 150w\" sizes=\"(max-width: 512px) 100vw, 512px\" \/><\/figure><\/div>\n\n\n<h5 class=\"wp-block-heading has-text-align-center has-text-color\" style=\"color:#3c4858;font-size:18px\">C\u00e1ncer de Mama<\/h5>\n\n\n\n<p class=\"has-text-align-center has-text-color\" style=\"color:#999999;font-size:14px\"><\/p>\n\n\n\n<div style=\"height:25px\" aria-hidden=\"true\" class=\"wp-block-spacer\"><\/div>\n<\/div>\n<\/div>\n\n\n\n<div style=\"height:40px\" aria-hidden=\"true\" class=\"wp-block-spacer\"><\/div>\n<\/div><\/div>\n\n\n\n<div class=\"wp-block-columns container is-layout-flex wp-container-core-columns-layout-3 wp-block-columns-is-layout-flex\">\n<div class=\"wp-block-column col-md-5 is-layout-flow wp-block-column-is-layout-flow\">\n<div style=\"height:55px\" aria-hidden=\"true\" class=\"wp-block-spacer\"><\/div>\n\n\n\n<h2 class=\"wp-block-heading\">Sobre nuestras campa\u00f1as<\/h2>\n\n\n\n<p>Como actor principal de la salud en la regi\u00f3n de Neuqu\u00e9n, realizamos diversas campa\u00f1as de concientizaci\u00f3n, educaci\u00f3n e informaci\u00f3n en temas de salud y cuidados para vos y tus seres queridos. Las mismas est\u00e1n basadas en las principales afecciones de los ciudadanos.<\/p>\n\n\n\n<p>Conocenos. Acercate a nuestro stand.<\/p>\n\n\n\n<p><strong>Te Queremos Bien<\/strong><\/p>\n<\/div>\n\n\n\n<div class=\"wp-block-column col-md-6 col-md-offset1 is-layout-flow wp-block-column-is-layout-flow\">\n<div style=\"height:55px\" aria-hidden=\"true\" class=\"wp-block-spacer\"><\/div>\n\n\n\n<figure class=\"wp-block-image size-full\"><img loading=\"lazy\" decoding=\"async\" width=\"768\" height=\"768\" src=\"https:\/\/cuidateneuquen.com.ar\/wp-content\/uploads\/2023\/10\/351598737_173742542051840_2993607603428252361_n.jpg\" alt=\"\" class=\"wp-image-39\" srcset=\"https:\/\/cuidateneuquen.com.ar\/wp-content\/uploads\/2023\/10\/351598737_173742542051840_2993607603428252361_n.jpg 768w, https:\/\/cuidateneuquen.com.ar\/wp-content\/uploads\/2023\/10\/351598737_173742542051840_2993607603428252361_n-300x300.jpg 300w, https:\/\/cuidateneuquen.com.ar\/wp-content\/uploads\/2023\/10\/351598737_173742542051840_2993607603428252361_n-150x150.jpg 150w\" sizes=\"(max-width: 768px) 100vw, 768px\" \/><\/figure>\n\n\n\n<p><\/p>\n<\/div>\n<\/div>\n","protected":false},"excerpt":{"rendered":"<p>Sobre nuestras campa\u00f1as Como actor principal de la salud en la regi\u00f3n de Neuqu\u00e9n, realizamos diversas campa\u00f1as de concientizaci\u00f3n, educaci\u00f3n e informaci\u00f3n en temas de salud y cuidados para vos y tus seres queridos. Las mismas est\u00e1n basadas en las principales afecciones de los ciudadanos. Conocenos. Acercate a nuestro stand. [&hellip;]<\/p>\n","protected":false},"author":1,"featured_media":0,"parent":0,"menu_order":0,"comment_status":"closed","ping_status":"closed","template":"","meta":{"_monsterinsights_skip_tracking":false,"_monsterinsights_sitenote_active":false,"_monsterinsights_sitenote_note":"","_monsterinsights_sitenote_category":0,"footnotes":""},"aioseo_notices":[],"_links":{"self":[{"href":"https:\/\/cuidateneuquen.com.ar\/index.php?rest_route=\/wp\/v2\/pages\/12"}],"collection":[{"href":"https:\/\/cuidateneuquen.com.ar\/index.php?rest_route=\/wp\/v2\/pages"}],"about":[{"href":"https:\/\/cuidateneuquen.com.ar\/index.php?rest_route=\/wp\/v2\/types\/page"}],"author":[{"embeddable":true,"href":"https:\/\/cuidateneuquen.com.ar\/index.php?rest_route=\/wp\/v2\/users\/1"}],"replies":[{"embeddable":true,"href":"https:\/\/cuidateneuquen.com.ar\/index.php?rest_route=%2Fwp%2Fv2%2Fcomments&post=12"}],"version-history":[{"count":8,"href":"https:\/\/cuidateneuquen.com.ar\/index.php?rest_route=\/wp\/v2\/pages\/12\/revisions"}],"predecessor-version":[{"id":64,"href":"https:\/\/cuidateneuquen.com.ar\/index.php?rest_route=\/wp\/v2\/pages\/12\/revisions\/64"}],"wp:attachment":[{"href":"https:\/\/cuidateneuquen.com.ar\/index.php?rest_route=%2Fwp%2Fv2%2Fmedia&parent=12"}],"curies":[{"name":"wp","href":"https:\/\/api.w.org\/{rel}","templated":true}]}}